{"id":2089,"date":"2023-05-14T22:37:40","date_gmt":"2023-05-14T22:37:40","guid":{"rendered":"http:\/\/eroscicek.com\/index.php\/product\/cift-dalli-beyaz-orkide\/"},"modified":"2023-05-14T22:53:16","modified_gmt":"2023-05-14T22:53:16","slug":"cift-dalli-beyaz-orkide","status":"publish","type":"product","link":"http:\/\/eroscicek.com\/index.php\/product\/cift-dalli-beyaz-orkide\/","title":{"rendered":"\u00c7ift Dall\u0131 Beyaz Orkide"},"content":{"rendered":"<h3 style=\"text-align: center;\"><span style=\"color: #800080;\"><strong>\u00c7\u0130FT DALLI BEYAZ ORK\u0130DE\u00a0<\/strong><\/span><\/h3>\n<p style=\"text-align: center;\" align=\"center\"><span style=\"color: #0000ff;\"><strong><i><span style=\"color: #ff0000;\">***<\/span> \u00c7i\u00e7ekler Mevsime g\u00f6re ve Stok Durumuna g\u00f6re de\u011fi\u015fiklik g\u00f6sterebilir. <span style=\"color: #ff0000;\">***<\/span><\/i><\/strong><\/span><\/p>\n<p style=\"text-align: center;\" align=\"center\"><span style=\"color: #0000ff;\"><strong><i>\u00d6zel G\u00fcnlerde <span style=\"color: #e00245;\">2 (\u0130K\u0130) G\u00fcn \u00d6nceden Sipari\u015f<\/span> verilirse\u00a0<\/i><\/strong><\/span><\/p>\n<p style=\"text-align: center;\" align=\"center\"><span style=\"color: #0000ff;\"><strong><i>En G\u00fczel \u015eekilde Sipari\u015flerinizi haz\u0131rlay\u0131p, Zaman\u0131nda Teslim Edebiliriz.<\/i><\/strong><\/span><\/p>\n<h6 style=\"text-align: center;\" align=\"center\"><span style=\"color: #800080;\"><strong><i>\u0130LG\u0130N\u0130Z \u0130\u00c7\u0130N TE\u015eEKK\u00dcR EDER\u0130Z.<\/i><\/strong><\/span><\/h6>\n","protected":false},"excerpt":{"rendered":"<h3 style=\"text-align: center;\"><span style=\"color: #800080;\"><strong>\u00c7\u0130FT DALLI BEYAZ ORK\u0130DE\u00a0<\/strong><\/span><\/h3>\n<p>&nbsp;<\/p>\n<p>&nbsp;<\/p>\n","protected":false},"featured_media":2088,"comment_status":"closed","ping_status":"closed","template":"","meta":{"_mi_skip_tracking":false,"spay_email":""},"product_cat":[90],"product_tag":[111,103,112,106,107,108,113,114],"_links":{"self":[{"href":"http:\/\/eroscicek.com\/index.php\/wp-json\/wp\/v2\/product\/2089"}],"collection":[{"href":"http:\/\/eroscicek.com\/index.php\/wp-json\/wp\/v2\/product"}],"about":[{"href":"http:\/\/eroscicek.com\/index.php\/wp-json\/wp\/v2\/types\/product"}],"replies":[{"embeddable":true,"href":"http:\/\/eroscicek.com\/index.php\/wp-json\/wp\/v2\/comments?post=2089"}],"wp:featuredmedia":[{"embeddable":true,"href":"http:\/\/eroscicek.com\/index.php\/wp-json\/wp\/v2\/media\/2088"}],"wp:attachment":[{"href":"http:\/\/eroscicek.com\/index.php\/wp-json\/wp\/v2\/media?parent=2089"}],"wp:term":[{"taxonomy":"product_cat","embeddable":true,"href":"http:\/\/eroscicek.com\/index.php\/wp-json\/wp\/v2\/product_cat?post=2089"},{"taxonomy":"product_tag","embeddable":true,"href":"http:\/\/eroscicek.com\/index.php\/wp-json\/wp\/v2\/product_tag?post=2089"}],"curies":[{"name":"wp","href":"https:\/\/api.w.org\/{rel}","templated":true}]}}