{"id":2204,"date":"2023-05-14T22:39:42","date_gmt":"2023-05-14T22:39:42","guid":{"rendered":"http:\/\/eroscicek.com\/index.php\/product\/ozel-siparis-aranjman-1\/"},"modified":"2023-05-14T22:53:27","modified_gmt":"2023-05-14T22:53:27","slug":"ozel-siparis-aranjman-1","status":"publish","type":"product","link":"http:\/\/eroscicek.com\/index.php\/product\/ozel-siparis-aranjman-1\/","title":{"rendered":"\u00d6zel Sipari\u015f Aranjman 1"},"content":{"rendered":"<h3 style=\"text-align: center;\"><span style=\"color: #800080;\"><strong>\u00d6ZEL S\u0130PAR\u0130\u015e ARAJMAN 1<\/strong><\/span><\/h3>\n<p style=\"text-align: center;\" align=\"center\"><span style=\"color: #0000ff;\"><strong><i><span style=\"color: #ff0000;\">***<\/span> \u00c7i\u00e7ekler Mevsime g\u00f6re ve Stok Durumuna g\u00f6re de\u011fi\u015fiklik g\u00f6sterebilir. <span style=\"color: #ff0000;\">***<\/span><\/i><\/strong><\/span><\/p>\n<p style=\"text-align: center;\" align=\"center\"><span style=\"color: #0000ff;\"><strong><i>\u00d6zel G\u00fcnlerde <span style=\"color: #e00245;\">2 (\u0130K\u0130) G\u00fcn \u00d6nceden Sipari\u015f<\/span> verilirse\u00a0<\/i><\/strong><\/span><\/p>\n<p style=\"text-align: center;\" align=\"center\"><span style=\"color: #0000ff;\"><strong><i>En G\u00fczel \u015eekilde Sipari\u015flerinizi haz\u0131rlay\u0131p, Zaman\u0131nda Teslim Edebiliriz.<\/i><\/strong><\/span><\/p>\n<h6 style=\"text-align: center;\" align=\"center\"><span style=\"color: #800080;\"><strong><i>\u0130LG\u0130N\u0130Z \u0130\u00c7\u0130N TE\u015eEKK\u00dcR EDER\u0130Z.<\/i><\/strong><\/span><\/h6>\n","protected":false},"excerpt":{"rendered":"<h3 style=\"text-align: center;\"><span style=\"color: #800080;\"><strong>\u00d6ZEL S\u0130PAR\u0130\u015e ARAJMAN 1<\/strong><\/span><\/h3>\n<p>&nbsp;<\/p>\n<p>&nbsp;<\/p>\n","protected":false},"featured_media":2203,"comment_status":"closed","ping_status":"closed","template":"","meta":{"_mi_skip_tracking":false,"spay_email":""},"product_cat":[90],"product_tag":[503,504,505,506,507,508,509,510,511,512],"_links":{"self":[{"href":"http:\/\/eroscicek.com\/index.php\/wp-json\/wp\/v2\/product\/2204"}],"collection":[{"href":"http:\/\/eroscicek.com\/index.php\/wp-json\/wp\/v2\/product"}],"about":[{"href":"http:\/\/eroscicek.com\/index.php\/wp-json\/wp\/v2\/types\/product"}],"replies":[{"embeddable":true,"href":"http:\/\/eroscicek.com\/index.php\/wp-json\/wp\/v2\/comments?post=2204"}],"wp:featuredmedia":[{"embeddable":true,"href":"http:\/\/eroscicek.com\/index.php\/wp-json\/wp\/v2\/media\/2203"}],"wp:attachment":[{"href":"http:\/\/eroscicek.com\/index.php\/wp-json\/wp\/v2\/media?parent=2204"}],"wp:term":[{"taxonomy":"product_cat","embeddable":true,"href":"http:\/\/eroscicek.com\/index.php\/wp-json\/wp\/v2\/product_cat?post=2204"},{"taxonomy":"product_tag","embeddable":true,"href":"http:\/\/eroscicek.com\/index.php\/wp-json\/wp\/v2\/product_tag?post=2204"}],"curies":[{"name":"wp","href":"https:\/\/api.w.org\/{rel}","templated":true}]}}